{"id":1538,"date":"2017-03-02T15:41:52","date_gmt":"2017-03-02T14:41:52","guid":{"rendered":"http:\/\/preview.softfactors.com\/?page_id=1538"},"modified":"2017-03-14T21:13:45","modified_gmt":"2017-03-14T20:13:45","slug":"reiseleiterin","status":"publish","type":"page","link":"https:\/\/www.softfactors.com\/de\/reiseleiterin\/","title":{"rendered":"Reiseleiter\/in"},"content":{"rendered":"[vc_row type=&#8220;in_container&#8220; full_screen_row_position=&#8220;middle&#8220; scene_position=&#8220;center&#8220; text_color=&#8220;dark&#8220; text_align=&#8220;left&#8220; overlay_strength=&#8220;0.3&#8243;][vc_column column_padding=&#8220;no-extra-padding&#8220; column_padding_position=&#8220;all&#8220; background_color_opacity=&#8220;1&#8243; background_hover_color_opacity=&#8220;1&#8243; width=&#8220;1\/2&#8243; tablet_text_alignment=&#8220;default&#8220; phone_text_alignment=&#8220;default&#8220;][image_with_animation image_url=&#8220;1619&#8243; alignment=&#8220;right&#8220; animation=&#8220;Fade In From Left&#8220; box_shadow=&#8220;none&#8220; max_width=&#8220;100%&#8220;][vc_row_inner content_placement=&#8220;middle&#8220; top_padding=&#8220;20&#8243; text_align=&#8220;center&#8220;][vc_column_inner column_padding=&#8220;no-extra-padding&#8220; column_padding_position=&#8220;all&#8220; background_color_opacity=&#8220;1&#8243; width=&#8220;1\/1&#8243;][nectar_btn size=&#8220;large&#8220; open_new_tab=&#8220;true&#8220; button_style=&#8220;regular&#8220; button_color_2=&#8220;Accent-Color&#8220; icon_family=&#8220;none&#8220; url=&#8220;https:\/\/emea1.softfactors.com\/job-opening\/rknzcyrPbzcnal-tourGuide#\/?lang=de&#8220; text=&#8220;Zur Online Job-Demo&#8220; margin_top=&#8220;20&#8243;][\/vc_column_inner][\/vc_row_inner][\/vc_column][vc_column enable_animation=&#8220;true&#8220; animation=&#8220;fade-in-from-right&#8220; column_padding=&#8220;no-extra-padding&#8220; column_padding_position=&#8220;all&#8220; background_color_opacity=&#8220;1&#8243; background_hover_color_opacity=&#8220;1&#8243; width=&#8220;1\/2&#8243; tablet_text_alignment=&#8220;default&#8220; phone_text_alignment=&#8220;default&#8220;][vc_column_text]<strong>ADVENTURE Inc. ist der europaweit f\u00fchrende Anbieter von Erlebnisreisen in Asien, Afrika und S\u00fcd Amerika. Wir suchen zur Verst\u00e4rkung unseres Teams ab sofort f\u00fcr unsere Party Destinationen eine(n)<\/strong>[\/vc_column_text][nectar_gradient_text heading_tag=&#8220;h1&#8243; color=&#8220;extra-color-gradient-2&#8243; gradient_direction=&#8220;horizontal&#8220; text=&#8220;Reiseleiter\/in 100%&#8220; margin_top=&#8220;20&#8243;][vc_column_text]<strong>Zu Ihren Aufgaben geh\u00f6ren unter anderem:<\/strong><\/p>\n<ul>\n<li>Betreuung unserer meist jugendlichen G\u00e4ste, vorwiegend bis 40 Jahre alt, von der Ankunft bis zur Abreise<\/li>\n<li>Sicherstellen eines reibungslosen Ablaufs bei den Ank\u00fcnften und Abfl\u00fcgen der Destinationen<\/li>\n<li>Abhalten von Informations-\/Willkommenscocktails<\/li>\n<li>Erstellen und Durchf\u00fchren eines Unterhaltungsprogramms inkl. Begleiten von lokalen Ausfl\u00fcgen<\/li>\n<li>Kontakt zu unseren Partnerhotels und unserer Agentur<\/li>\n<li>W\u00f6chentlicher Rapport an den Produkt Manager Erlebnisferien der ADVENTURE Inc. in London<\/li>\n<li>Koordination und Organisation bei Notf\u00e4llen (Arzt, Polizei etc.)<\/li>\n<\/ul>\n<p><strong>Ihr Idealprofil ist:<\/strong><\/p>\n<ul>\n<li>Engagement, Organisationstalent und Durchsetzungsverm\u00f6gen<\/li>\n<li>Hohe Einsatzbereitschaft, Zuverl\u00e4ssigkeit und Pflichtbewusstsein<\/li>\n<li>Hohe Belastbarkeit in Stress-Situationen<\/li>\n<li>Freude am Umgang mit Menschen, kommunikativ und flexibel<\/li>\n<li>Sprachen: Deutsch und Englisch ein Muss, Franz\u00f6sisch, Spanisch, Mandarin oder Kantonesisch von Vorteil<\/li>\n<li>Gepflegtes Erscheinungsbild<\/li>\n<\/ul>\n<p>Es erwartet Sie eine interessante und vielseitige T\u00e4tigkeit, zeitgem\u00e4sse Anstellungsbedingungen und Sozialleistungen, sowie eine gratis zur Verf\u00fcgung gestellte Unterkunft und Verpflegung w\u00e4hrend Ihren Eins\u00e4tzen.[\/vc_column_text][\/vc_column][\/vc_row][vc_row type=&#8220;full_width_content&#8220; full_screen_row_position=&#8220;middle&#8220; scene_position=&#8220;center&#8220; text_color=&#8220;dark&#8220; text_align=&#8220;center&#8220; top_padding=&#8220;30&#8243; overlay_strength=&#8220;0.3&#8243;][vc_column column_padding=&#8220;no-extra-padding&#8220; column_padding_position=&#8220;all&#8220; background_color_opacity=&#8220;1&#8243; background_hover_color_opacity=&#8220;1&#8243; width=&#8220;1\/1&#8243; tablet_text_alignment=&#8220;default&#8220; phone_text_alignment=&#8220;default&#8220;][nectar_btn size=&#8220;small&#8220; button_style=&#8220;see-through-2&#8243; color_override=&#8220;#ed822a&#8220; hover_color_override=&#8220;#ed822a&#8220; hover_text_color_override=&#8220;#ffffff&#8220; icon_family=&#8220;none&#8220; url=&#8220;bewerber-demo\/&#8220; text=&#8220;Zur\u00fcck zum Demo Job Board&#8220;][\/vc_column][\/vc_row]\n","protected":false},"excerpt":{"rendered":"<p>[vc_row type=&#8220;in_container&#8220; full_screen_row_position=&#8220;middle&#8220; scene_position=&#8220;center&#8220; text_color=&#8220;dark&#8220; text_align=&#8220;left&#8220; overlay_strength=&#8220;0.3&#8243;][vc_column column_padding=&#8220;no-extra-padding&#8220; column_padding_position=&#8220;all&#8220; background_color_opacity=&#8220;1&#8243; background_hover_color_opacity=&#8220;1&#8243; width=&#8220;1\/2&#8243; tablet_text_alignment=&#8220;default&#8220; phone_text_alignment=&#8220;default&#8220;][image_with_animation image_url=&#8220;1619&#8243; alignment=&#8220;right&#8220; animation=&#8220;Fade In From Left&#8220; box_shadow=&#8220;none&#8220; max_width=&#8220;100%&#8220;][vc_row_inner content_placement=&#8220;middle&#8220; top_padding=&#8220;20&#8243; text_align=&#8220;center&#8220;][vc_column_inner column_padding=&#8220;no-extra-padding&#8220; column_padding_position=&#8220;all&#8220; background_color_opacity=&#8220;1&#8243; width=&#8220;1\/1&#8243;][nectar_btn size=&#8220;large&#8220;&#8230;<\/p>\n","protected":false},"author":6,"featured_media":0,"parent":0,"menu_order":0,"comment_status":"closed","ping_status":"closed","template":"","meta":[],"_links":{"self":[{"href":"https:\/\/www.softfactors.com\/de\/wp-json\/wp\/v2\/pages\/1538"}],"collection":[{"href":"https:\/\/www.softfactors.com\/de\/wp-json\/wp\/v2\/pages"}],"about":[{"href":"https:\/\/www.softfactors.com\/de\/wp-json\/wp\/v2\/types\/page"}],"author":[{"embeddable":true,"href":"https:\/\/www.softfactors.com\/de\/wp-json\/wp\/v2\/users\/6"}],"replies":[{"embeddable":true,"href":"https:\/\/www.softfactors.com\/de\/wp-json\/wp\/v2\/comments?post=1538"}],"version-history":[{"count":16,"href":"https:\/\/www.softfactors.com\/de\/wp-json\/wp\/v2\/pages\/1538\/revisions"}],"predecessor-version":[{"id":2406,"href":"https:\/\/www.softfactors.com\/de\/wp-json\/wp\/v2\/pages\/1538\/revisions\/2406"}],"wp:attachment":[{"href":"https:\/\/www.softfactors.com\/de\/wp-json\/wp\/v2\/media?parent=1538"}],"curies":[{"name":"wp","href":"https:\/\/api.w.org\/{rel}","templated":true}]}}