{"id":1659,"date":"2017-03-02T18:06:43","date_gmt":"2017-03-02T17:06:43","guid":{"rendered":"http:\/\/preview.softfactors.com\/?page_id=1659"},"modified":"2017-03-03T10:38:20","modified_gmt":"2017-03-03T09:38:20","slug":"fussballtrainer","status":"publish","type":"page","link":"https:\/\/www.softfactors.com\/de\/fussballtrainer\/","title":{"rendered":"Fussballtrainer"},"content":{"rendered":"[vc_row type=&#8220;in_container&#8220; full_screen_row_position=&#8220;middle&#8220; scene_position=&#8220;center&#8220; text_color=&#8220;dark&#8220; text_align=&#8220;left&#8220; overlay_strength=&#8220;0.3&#8243;][vc_column column_padding=&#8220;no-extra-padding&#8220; column_padding_position=&#8220;all&#8220; background_color_opacity=&#8220;1&#8243; background_hover_color_opacity=&#8220;1&#8243; width=&#8220;1\/2&#8243; tablet_text_alignment=&#8220;default&#8220; phone_text_alignment=&#8220;default&#8220;][image_with_animation image_url=&#8220;1677&#8243; alignment=&#8220;right&#8220; animation=&#8220;Fade In From Left&#8220; box_shadow=&#8220;none&#8220; max_width=&#8220;100%&#8220;][vc_row_inner content_placement=&#8220;middle&#8220; top_padding=&#8220;20&#8243; text_align=&#8220;center&#8220;][vc_column_inner column_padding=&#8220;no-extra-padding&#8220; column_padding_position=&#8220;all&#8220; background_color_opacity=&#8220;1&#8243; width=&#8220;1\/1&#8243;][nectar_btn size=&#8220;large&#8220; open_new_tab=&#8220;true&#8220; button_style=&#8220;regular&#8220; button_color_2=&#8220;Accent-Color&#8220; icon_family=&#8220;none&#8220; url=&#8220;https:\/\/emea1.softfactors.com\/job-opening\/rknzcyrPbzcnal-soccerTrainer#\/?lang=de&#8220; text=&#8220;Zur Online Job-Demo&#8220; margin_top=&#8220;20&#8243;][\/vc_column_inner][\/vc_row_inner][\/vc_column][vc_column enable_animation=&#8220;true&#8220; animation=&#8220;fade-in-from-right&#8220; column_padding=&#8220;no-extra-padding&#8220; column_padding_position=&#8220;all&#8220; background_color_opacity=&#8220;1&#8243; background_hover_color_opacity=&#8220;1&#8243; width=&#8220;1\/2&#8243; tablet_text_alignment=&#8220;default&#8220; phone_text_alignment=&#8220;default&#8220;][vc_column_text]<strong>FC SCHNELLSTART ist auf dem Platz Guntendorf der f\u00fchrende Fussballclub. F\u00fcr die Aus- und Weitebildung unserer Junioren A Mannschaft (Anspruch Schweizermeister) suchen wir ab sofort einen engagierten und qualifizierten<\/strong>[\/vc_column_text][nectar_gradient_text heading_tag=&#8220;h1&#8243; color=&#8220;extra-color-gradient-2&#8243; gradient_direction=&#8220;horizontal&#8220; text=&#8220;Fussballtrainer 100%&#8220; margin_top=&#8220;20&#8243;][vc_column_text]<strong>Wir bieten:<\/strong><\/p>\n<ul>\n<li>Innovative Trainingsmethoden, die st\u00e4ndig von uns weiterentwickelt werden<\/li>\n<li>Einen qualifizierten Betreuerstab (Co-Trainer, Physiotherapeut, Mentalcoach, Fitnesstrainer)<\/li>\n<li>Freie Unterkunft und Verpflegung w\u00e4hrend der Spiele<\/li>\n<li>Eine grossz\u00fcgiges Einsatzhonorar mit interessantem Bonus<\/li>\n<li>Divese Goodies unserer Sponsoren: Fahrzeug, Telefon, andere digitale Gagets sowie ein komplettes<\/li>\n<li>Ausr\u00fcstungspaket von NIKE zum Nulltarif<strong><br \/>\n<\/strong><\/li>\n<\/ul>\n<p><strong>Wir erwarten:<\/strong><\/p>\n<ul>\n<li>Eine verantwortungsvolle Zusammenarbeit auf langfristiger Basis<\/li>\n<li>Einen offenen, teamf\u00e4higen und kommunikativen Pers\u00f6nlichkeitstyp<\/li>\n<li>Nachweisbare Erfahrungen im Fussballtraining (als Spieler, Betreuer oder Trainer)<\/li>\n<li>P\u00e4dagog. Kenntnisse und \/oder Studium f\u00fcr die Zusammenarbeit mit Kindern\/ Jugendlichen<\/li>\n<li>Begeisterungsf\u00e4higkeit &amp; Belastbarkeit in der Jugendarbeit<\/li>\n<li>Zeitliche Flexibilit\u00e4t, Mobilit\u00e4t, Reisefreudigkeit<\/li>\n<li>Deutsch und\/oder Englisch als Muttersprache, Albanisch und Serbisch von Vorteil<\/li>\n<\/ul>\n<p><strong>Zus\u00e4tzliche Voraussetzungen:<\/strong><\/p>\n<ul>\n<li>g\u00fcltigen Erste-Hilfe-Schein (nicht \u00e4lter als zwei Jahre); erw. polizeiliches F\u00fchrungszeugnis<\/li>\n<li>Erfolgreiche Teilnahme an unserer Fortbildung<\/li>\n<\/ul>\n<p>Wenn Sie die Kaderperson sind die wir suchen, freuen wir uns \u00fcber Ihre vollst\u00e4ndigen Bewerbungsunterlagen mit Foto und Lohnvorstellungen.[\/vc_column_text][\/vc_column][\/vc_row][vc_row type=&#8220;full_width_content&#8220; full_screen_row_position=&#8220;middle&#8220; scene_position=&#8220;center&#8220; text_color=&#8220;dark&#8220; text_align=&#8220;center&#8220; top_padding=&#8220;30&#8243; overlay_strength=&#8220;0.3&#8243;][vc_column column_padding=&#8220;no-extra-padding&#8220; column_padding_position=&#8220;all&#8220; background_color_opacity=&#8220;1&#8243; background_hover_color_opacity=&#8220;1&#8243; width=&#8220;1\/1&#8243; tablet_text_alignment=&#8220;default&#8220; phone_text_alignment=&#8220;default&#8220;][nectar_btn size=&#8220;small&#8220; button_style=&#8220;see-through-2&#8243; color_override=&#8220;#ed822a&#8220; hover_color_override=&#8220;#ed822a&#8220; hover_text_color_override=&#8220;#ffffff&#8220; icon_family=&#8220;none&#8220; url=&#8220;bewerber-demo\/&#8220; text=&#8220;Zur\u00fcck zum Demo Job Board&#8220;][\/vc_column][\/vc_row]\n","protected":false},"excerpt":{"rendered":"<p>[vc_row type=&#8220;in_container&#8220; full_screen_row_position=&#8220;middle&#8220; scene_position=&#8220;center&#8220; text_color=&#8220;dark&#8220; text_align=&#8220;left&#8220; overlay_strength=&#8220;0.3&#8243;][vc_column column_padding=&#8220;no-extra-padding&#8220; column_padding_position=&#8220;all&#8220; background_color_opacity=&#8220;1&#8243; background_hover_color_opacity=&#8220;1&#8243; width=&#8220;1\/2&#8243; tablet_text_alignment=&#8220;default&#8220; phone_text_alignment=&#8220;default&#8220;][image_with_animation image_url=&#8220;1677&#8243; alignment=&#8220;right&#8220; animation=&#8220;Fade In From Left&#8220; box_shadow=&#8220;none&#8220; max_width=&#8220;100%&#8220;][vc_row_inner content_placement=&#8220;middle&#8220; top_padding=&#8220;20&#8243; text_align=&#8220;center&#8220;][vc_column_inner column_padding=&#8220;no-extra-padding&#8220; column_padding_position=&#8220;all&#8220; background_color_opacity=&#8220;1&#8243; width=&#8220;1\/1&#8243;][nectar_btn size=&#8220;large&#8220;&#8230;<\/p>\n","protected":false},"author":6,"featured_media":0,"parent":0,"menu_order":0,"comment_status":"closed","ping_status":"closed","template":"","meta":[],"_links":{"self":[{"href":"https:\/\/www.softfactors.com\/de\/wp-json\/wp\/v2\/pages\/1659"}],"collection":[{"href":"https:\/\/www.softfactors.com\/de\/wp-json\/wp\/v2\/pages"}],"about":[{"href":"https:\/\/www.softfactors.com\/de\/wp-json\/wp\/v2\/types\/page"}],"author":[{"embeddable":true,"href":"https:\/\/www.softfactors.com\/de\/wp-json\/wp\/v2\/users\/6"}],"replies":[{"embeddable":true,"href":"https:\/\/www.softfactors.com\/de\/wp-json\/wp\/v2\/comments?post=1659"}],"version-history":[{"count":4,"href":"https:\/\/www.softfactors.com\/de\/wp-json\/wp\/v2\/pages\/1659\/revisions"}],"predecessor-version":[{"id":1773,"href":"https:\/\/www.softfactors.com\/de\/wp-json\/wp\/v2\/pages\/1659\/revisions\/1773"}],"wp:attachment":[{"href":"https:\/\/www.softfactors.com\/de\/wp-json\/wp\/v2\/media?parent=1659"}],"curies":[{"name":"wp","href":"https:\/\/api.w.org\/{rel}","templated":true}]}}