{"id":1687,"date":"2017-03-02T19:36:01","date_gmt":"2017-03-02T18:36:01","guid":{"rendered":"http:\/\/preview.softfactors.com\/?page_id=1687"},"modified":"2017-03-03T10:40:06","modified_gmt":"2017-03-03T09:40:06","slug":"wander-und-trecking-spezialist","status":"publish","type":"page","link":"https:\/\/www.softfactors.com\/de\/wander-und-trecking-spezialist\/","title":{"rendered":"Wander- und Trecking Spezialist"},"content":{"rendered":"[vc_row type=&#8220;in_container&#8220; full_screen_row_position=&#8220;middle&#8220; scene_position=&#8220;center&#8220; text_color=&#8220;dark&#8220; text_align=&#8220;left&#8220; overlay_strength=&#8220;0.3&#8243;][vc_column column_padding=&#8220;no-extra-padding&#8220; column_padding_position=&#8220;all&#8220; background_color_opacity=&#8220;1&#8243; background_hover_color_opacity=&#8220;1&#8243; width=&#8220;1\/2&#8243; tablet_text_alignment=&#8220;default&#8220; phone_text_alignment=&#8220;default&#8220;][image_with_animation image_url=&#8220;1692&#8243; alignment=&#8220;right&#8220; animation=&#8220;Fade In From Left&#8220; box_shadow=&#8220;none&#8220; max_width=&#8220;100%&#8220;][vc_row_inner content_placement=&#8220;middle&#8220; top_padding=&#8220;20&#8243; text_align=&#8220;center&#8220;][vc_column_inner column_padding=&#8220;no-extra-padding&#8220; column_padding_position=&#8220;all&#8220; background_color_opacity=&#8220;1&#8243; width=&#8220;1\/1&#8243;][nectar_btn size=&#8220;large&#8220; open_new_tab=&#8220;true&#8220; button_style=&#8220;regular&#8220; button_color_2=&#8220;Accent-Color&#8220; icon_family=&#8220;none&#8220; url=&#8220;https:\/\/emea1.softfactors.com\/job-opening\/rknzcyrPbzcnal-trekkingGuide#\/?lang=de&#8220; text=&#8220;Zur Online Job-Demo&#8220; margin_top=&#8220;20&#8243;][\/vc_column_inner][\/vc_row_inner][\/vc_column][vc_column enable_animation=&#8220;true&#8220; animation=&#8220;fade-in-from-right&#8220; column_padding=&#8220;no-extra-padding&#8220; column_padding_position=&#8220;all&#8220; background_color_opacity=&#8220;1&#8243; background_hover_color_opacity=&#8220;1&#8243; width=&#8220;1\/2&#8243; tablet_text_alignment=&#8220;default&#8220; phone_text_alignment=&#8220;default&#8220;][vc_column_text]<strong>Echt unterwegs \u2013 auch im Job.<\/strong><\/p>\n<p><strong>Getreu nach dem Credo \u00abecht unterwegs\u00bb organisiert Wandeler Reisen authentische Aktivreisen mit Genuss.<\/strong><\/p>\n<p><strong>Der f\u00fchrende Spezialist sucht per sofort oder nach Vereinbarung eine\/n ausgewiesene\/n<\/strong>[\/vc_column_text][nectar_gradient_text heading_tag=&#8220;h1&#8243; color=&#8220;extra-color-gradient-2&#8243; gradient_direction=&#8220;horizontal&#8220; text=&#8220;Wander- und Trekking Spezialist\/in 100%&#8220; margin_top=&#8220;20&#8243;][vc_column_text]<strong>Wir erwarten:<\/strong><\/p>\n<ul>\n<li>Abgeschlossene kaufm. Grundausbildung im Reiseb\u00fcro<\/li>\n<li>Erfahrung in der Organisation von Gruppenreisen<\/li>\n<li>Organisationstalent, kreativ und l\u00f6sungsorientiert<\/li>\n<li>Eine dynamische, belastbare, selbst\u00e4ndige, flexible Pers\u00f6nlichkeit mit Gesch\u00e4ftssinn<\/li>\n<li>Ein service- und qualit\u00e4tsorientierter Teamplayer<\/li>\n<li>Begeisterung f\u00fcr Aktivreisen<\/li>\n<li>Sprachkenntnisse F\/E\/I von Vorteil<\/li>\n<\/ul>\n<p><strong>Wir bieten Ihnen:<\/strong><\/p>\n<ul>\n<li>Anspruchsvolle und abwechslungsreiche T\u00e4tigkeit<\/li>\n<li>Zeitgem\u00e4sses Sal\u00e4r mit Erfolgsbeteiligung<\/li>\n<li>F\u00fcnf Wochen Ferien plus Studienreise<\/li>\n<li>Arbeitsort Z\u00fcrich<\/li>\n<\/ul>\n[\/vc_column_text][\/vc_column][\/vc_row][vc_row type=&#8220;full_width_content&#8220; full_screen_row_position=&#8220;middle&#8220; scene_position=&#8220;center&#8220; text_color=&#8220;dark&#8220; text_align=&#8220;center&#8220; top_padding=&#8220;30&#8243; overlay_strength=&#8220;0.3&#8243;][vc_column column_padding=&#8220;no-extra-padding&#8220; column_padding_position=&#8220;all&#8220; background_color_opacity=&#8220;1&#8243; background_hover_color_opacity=&#8220;1&#8243; width=&#8220;1\/1&#8243; tablet_text_alignment=&#8220;default&#8220; phone_text_alignment=&#8220;default&#8220;][nectar_btn size=&#8220;small&#8220; button_style=&#8220;see-through-2&#8243; color_override=&#8220;#ed822a&#8220; hover_color_override=&#8220;#ed822a&#8220; hover_text_color_override=&#8220;#ffffff&#8220; icon_family=&#8220;none&#8220; url=&#8220;bewerber-demo\/&#8220; text=&#8220;Zur\u00fcck zum Demo Job Board&#8220;][\/vc_column][\/vc_row]\n","protected":false},"excerpt":{"rendered":"<p>[vc_row type=&#8220;in_container&#8220; full_screen_row_position=&#8220;middle&#8220; scene_position=&#8220;center&#8220; text_color=&#8220;dark&#8220; text_align=&#8220;left&#8220; overlay_strength=&#8220;0.3&#8243;][vc_column column_padding=&#8220;no-extra-padding&#8220; column_padding_position=&#8220;all&#8220; background_color_opacity=&#8220;1&#8243; background_hover_color_opacity=&#8220;1&#8243; width=&#8220;1\/2&#8243; tablet_text_alignment=&#8220;default&#8220; phone_text_alignment=&#8220;default&#8220;][image_with_animation image_url=&#8220;1692&#8243; alignment=&#8220;right&#8220; animation=&#8220;Fade In From Left&#8220; box_shadow=&#8220;none&#8220; max_width=&#8220;100%&#8220;][vc_row_inner content_placement=&#8220;middle&#8220; top_padding=&#8220;20&#8243; text_align=&#8220;center&#8220;][vc_column_inner column_padding=&#8220;no-extra-padding&#8220; column_padding_position=&#8220;all&#8220; background_color_opacity=&#8220;1&#8243; width=&#8220;1\/1&#8243;][nectar_btn size=&#8220;large&#8220;&#8230;<\/p>\n","protected":false},"author":6,"featured_media":0,"parent":0,"menu_order":0,"comment_status":"closed","ping_status":"closed","template":"","meta":[],"_links":{"self":[{"href":"https:\/\/www.softfactors.com\/de\/wp-json\/wp\/v2\/pages\/1687"}],"collection":[{"href":"https:\/\/www.softfactors.com\/de\/wp-json\/wp\/v2\/pages"}],"about":[{"href":"https:\/\/www.softfactors.com\/de\/wp-json\/wp\/v2\/types\/page"}],"author":[{"embeddable":true,"href":"https:\/\/www.softfactors.com\/de\/wp-json\/wp\/v2\/users\/6"}],"replies":[{"embeddable":true,"href":"https:\/\/www.softfactors.com\/de\/wp-json\/wp\/v2\/comments?post=1687"}],"version-history":[{"count":5,"href":"https:\/\/www.softfactors.com\/de\/wp-json\/wp\/v2\/pages\/1687\/revisions"}],"predecessor-version":[{"id":1775,"href":"https:\/\/www.softfactors.com\/de\/wp-json\/wp\/v2\/pages\/1687\/revisions\/1775"}],"wp:attachment":[{"href":"https:\/\/www.softfactors.com\/de\/wp-json\/wp\/v2\/media?parent=1687"}],"curies":[{"name":"wp","href":"https:\/\/api.w.org\/{rel}","templated":true}]}}