{"id":407,"date":"2017-02-17T18:23:23","date_gmt":"2017-02-17T17:23:23","guid":{"rendered":"http:\/\/preview.softfactors.com\/?page_id=407"},"modified":"2026-04-10T13:31:39","modified_gmt":"2026-04-10T11:31:39","slug":"kontakt","status":"publish","type":"page","link":"https:\/\/www.softfactors.com\/de\/kontakt\/","title":{"rendered":"Kontakt"},"content":{"rendered":"[vc_row type=&#8220;full_width_background&#8220; full_screen_row_position=&#8220;middle&#8220; column_margin=&#8220;default&#8220; column_direction=&#8220;default&#8220; column_direction_tablet=&#8220;default&#8220; column_direction_phone=&#8220;default&#8220; scene_position=&#8220;center&#8220; text_color=&#8220;dark&#8220; text_align=&#8220;center&#8220; row_border_radius=&#8220;none&#8220; row_border_radius_applies=&#8220;bg&#8220; id=&#8220;kontakt&#8220; row_name=&#8220;Kontakt&#8220; overlay_strength=&#8220;0.3&#8243; gradient_direction=&#8220;left_to_right&#8220; shape_divider_position=&#8220;bottom&#8220; bg_image_animation=&#8220;none&#8220;][vc_column column_padding=&#8220;no-extra-padding&#8220; column_padding_tablet=&#8220;inherit&#8220; column_padding_phone=&#8220;inherit&#8220; column_padding_position=&#8220;all&#8220; column_element_spacing=&#8220;default&#8220; background_color_opacity=&#8220;1&#8243; background_hover_color_opacity=&#8220;1&#8243; column_shadow=&#8220;none&#8220; column_border_radius=&#8220;none&#8220; column_link_target=&#8220;_self&#8220; gradient_direction=&#8220;left_to_right&#8220; overlay_strength=&#8220;0.3&#8243; width=&#8220;1\/1&#8243; tablet_width_inherit=&#8220;default&#8220; tablet_text_alignment=&#8220;default&#8220; phone_text_alignment=&#8220;default&#8220; bg_image_animation=&#8220;none&#8220; border_type=&#8220;simple&#8220; column_border_width=&#8220;none&#8220; column_border_style=&#8220;solid&#8220;][vc_row_inner column_margin=&#8220;default&#8220; column_direction=&#8220;default&#8220; column_direction_tablet=&#8220;default&#8220; column_direction_phone=&#8220;default&#8220; text_align=&#8220;left&#8220;][vc_column_inner column_padding=&#8220;no-extra-padding&#8220; column_padding_tablet=&#8220;inherit&#8220; column_padding_phone=&#8220;inherit&#8220; column_padding_position=&#8220;all&#8220; column_element_spacing=&#8220;default&#8220; background_color_opacity=&#8220;1&#8243; background_hover_color_opacity=&#8220;1&#8243; column_shadow=&#8220;none&#8220; column_border_radius=&#8220;none&#8220; column_link_target=&#8220;_self&#8220; gradient_direction=&#8220;left_to_right&#8220; overlay_strength=&#8220;0.3&#8243; width=&#8220;1\/1&#8243; tablet_width_inherit=&#8220;default&#8220; bg_image_animation=&#8220;none&#8220; border_type=&#8220;simple&#8220; column_border_width=&#8220;none&#8220; column_border_style=&#8220;solid&#8220;][nectar_gradient_text heading_tag=&#8220;h1&#8243; color=&#8220;extra-color-gradient-2&#8243; gradient_direction=&#8220;horizontal&#8220; text=&#8220;Kontakt&#8220;][vc_column_text max_width=&#8220;600&#8243;]Auch wenn es um Software geht \u2013 der Mensch steht bei uns im Mittelpunkt.<\/p>\n<p>Sie m\u00f6chten mehr \u00fcber unsere E-Recruitingl\u00f6sung erfahren?<\/p>\n<p>Kontaktieren Sie uns gerne \u00fcber <a class=\"_ymio1r31 _ypr0glyw _zcxs1o36 _mizu194a _1ah3dkaa _ra3xnqa1 _128mdkaa _1cvmnqa1 _4davt94y _4bfu18uv _1hms8stv _ajmmnqa1 _vchhusvi _kqswh2mm _ect4ttxp _syaz13af _1a3b18uv _4fpr8stv _5goinqa1 _f8pj13af _9oik18uv _1bnxglyw _jf4cnqa1 _30l313af _1nrm18uv _c2waglyw _1iohnqa1 _9h8h12zz _10531ra0 _1ien1ra0 _n0fx1ra0 _1vhv17z1\" title=\"mailto:info@softfactors.com\" href=\"mailto:info@softfactors.com\" data-renderer-mark=\"true\">info@softfactors.com<\/a> oder via Telefon unter <a class=\"_ymio1r31 _ypr0glyw _zcxs1o36 _mizu194a _1ah3dkaa _ra3xnqa1 _128mdkaa _1cvmnqa1 _4davt94y _4bfu18uv _1hms8stv _ajmmnqa1 _vchhusvi _kqswh2mm _ect4ttxp _syaz13af _1a3b18uv _4fpr8stv _5goinqa1 _f8pj13af _9oik18uv _1bnxglyw _jf4cnqa1 _30l313af _1nrm18uv _c2waglyw _1iohnqa1 _9h8h12zz _10531ra0 _1ien1ra0 _n0fx1ra0 _1vhv17z1\" title=\"tel:+41445203490\" href=\"tel:+41445203490\" data-renderer-mark=\"true\">+41 44 520 34 90<\/a>.[\/vc_column_text][\/vc_column_inner][\/vc_row_inner][\/vc_column][\/vc_row][vc_row type=&#8220;full_width_background&#8220; full_screen_row_position=&#8220;middle&#8220; column_margin=&#8220;default&#8220; column_direction=&#8220;default&#8220; column_direction_tablet=&#8220;default&#8220; column_direction_phone=&#8220;default&#8220; bg_color=&#8220;#5da303&#8243; scene_position=&#8220;center&#8220; text_color=&#8220;light&#8220; text_align=&#8220;left&#8220; row_border_radius=&#8220;none&#8220; row_border_radius_applies=&#8220;bg&#8220; id=&#8220;kontaktformular&#8220; row_name=&#8220;Kontaktformular&#8220; overlay_strength=&#8220;0.3&#8243; gradient_direction=&#8220;left_to_right&#8220; shape_divider_position=&#8220;bottom&#8220; bg_image_animation=&#8220;none&#8220;][vc_column column_padding=&#8220;padding-8-percent&#8220; column_padding_tablet=&#8220;inherit&#8220; column_padding_phone=&#8220;inherit&#8220; column_padding_position=&#8220;top-bottom&#8220; column_element_spacing=&#8220;default&#8220; background_color_opacity=&#8220;1&#8243; background_hover_color_opacity=&#8220;1&#8243; column_shadow=&#8220;none&#8220; column_border_radius=&#8220;none&#8220; column_link_target=&#8220;_self&#8220; gradient_direction=&#8220;left_to_right&#8220; overlay_strength=&#8220;0.3&#8243; width=&#8220;1\/1&#8243; tablet_width_inherit=&#8220;default&#8220; tablet_text_alignment=&#8220;default&#8220; phone_text_alignment=&#8220;default&#8220; bg_image_animation=&#8220;none&#8220; border_type=&#8220;simple&#8220; column_border_width=&#8220;none&#8220; column_border_style=&#8220;solid&#8220;][vc_row_inner column_margin=&#8220;default&#8220; column_direction=&#8220;default&#8220; column_direction_tablet=&#8220;default&#8220; column_direction_phone=&#8220;default&#8220; top_padding=&#8220;30&#8243; text_align=&#8220;left&#8220;][vc_column_inner column_padding=&#8220;no-extra-padding&#8220; column_padding_tablet=&#8220;inherit&#8220; column_padding_phone=&#8220;inherit&#8220; column_padding_position=&#8220;all&#8220; column_element_spacing=&#8220;default&#8220; background_color_opacity=&#8220;1&#8243; background_hover_color_opacity=&#8220;1&#8243; column_shadow=&#8220;none&#8220; column_border_radius=&#8220;none&#8220; column_link_target=&#8220;_self&#8220; gradient_direction=&#8220;left_to_right&#8220; overlay_strength=&#8220;0.3&#8243; width=&#8220;1\/4&#8243; tablet_width_inherit=&#8220;default&#8220; bg_image_animation=&#8220;none&#8220; border_type=&#8220;simple&#8220; column_border_width=&#8220;none&#8220; column_border_style=&#8220;solid&#8220;][vc_column_text]\n<div class=\"row\">\n<div class=\"col-lg-11 col-md-11 col-sm-11 col-xs-11 col-lg-offset-1\">\n<h2 style=\"text-align: left;\">Kontakt<\/h2>\n<p style=\"text-align: left;\">softfactors AG<br \/>\nSeestrasse 17\/19<br \/>\nCH-8002 Z\u00fcrich<\/p>\n<p><a href=\"tel:+41445203490\"><span style=\"color: #ffffff;\">T +41 (44) 520 34 90<\/span><\/a><br \/>\n<a href=\"mailto:info@softfactors.com\"><span style=\"color: #ffffff;\">info@softfactors.com<\/span><\/a><\/p>\n<\/div>\n<\/div>\n[\/vc_column_text][\/vc_column_inner][vc_column_inner column_padding=&#8220;no-extra-padding&#8220; column_padding_tablet=&#8220;inherit&#8220; column_padding_phone=&#8220;inherit&#8220; column_padding_position=&#8220;all&#8220; column_element_spacing=&#8220;default&#8220; background_color_opacity=&#8220;1&#8243; background_hover_color_opacity=&#8220;1&#8243; column_shadow=&#8220;none&#8220; column_border_radius=&#8220;none&#8220; column_link_target=&#8220;_self&#8220; gradient_direction=&#8220;left_to_right&#8220; overlay_strength=&#8220;0.3&#8243; width=&#8220;3\/4&#8243; tablet_width_inherit=&#8220;default&#8220; bg_image_animation=&#8220;none&#8220; border_type=&#8220;simple&#8220; column_border_width=&#8220;none&#8220; column_border_style=&#8220;solid&#8220;][vc_column_text]<div class=\"kameleon-cf7-container\" data-style-name=\"sf_formular_de\"  data-style=\"hoshi\" data-button-style=\"pushleft\" style=\"--hoshi-input-height:40px;--hoshi-textarea-height:100px;--hoshi-font-size:21px;--hoshi-input-font-size:15px;--hoshi-input-margin-top:0px;--hoshi-input-margin-bottom:25px;--hoshi-border-width:1px;--hoshi-border-active-width:1px;--kmcf7-btn-width:25%;--kmcf7-btn-fontsize:15px;--kmcf7-btn-letterspacing:1px;--kmcf7-btn-height:38px;--kmcf7-btn-mgtop:7px;--kmcf7-btn-mgbottom:26px;--kmcf7-btn-border-radius:0px;--kmcf7-btn-border-width:0px;--hoshi-color:#ffffff;--hoshi-input-color:rgba(255, 255, 255, 1);--hoshi-border-color:rgba(255, 255, 255, 1);--hoshi-border-active-color:rgba(240, 144, 48, 0.88);--kmcf7-btn-color:rgba(255, 255, 255, 1);--kmcf7-btn-color-hover:rgba(255, 255, 255, 1);--kmcf7-btn-bg-color:#f08e30;--kmcf7-btn-bg-color-hover:#24ABF4;--kmcf7-btn-align:left;--kmcf7-btn-border-color:#1a1a1a;--kmcf7-btn-border-color-hover:#2492ca;\"><div role=\"form\" class=\"wpcf7\" id=\"wpcf7-f3297-o1\" lang=\"en-US\" dir=\"ltr\">\n<div class=\"screen-reader-response\"><p role=\"status\" aria-live=\"polite\" aria-atomic=\"true\"><\/p> <ul><\/ul><\/div>\n<form action=\"\/de\/wp-json\/wp\/v2\/pages\/407#wpcf7-f3297-o1\" method=\"post\" class=\"wpcf7-form init\" novalidate=\"novalidate\" data-status=\"init\">\n<div style=\"display: none;\">\n<input type=\"hidden\" name=\"_wpcf7\" value=\"3297\" \/>\n<input type=\"hidden\" name=\"_wpcf7_version\" value=\"5.4.2\" \/>\n<input type=\"hidden\" name=\"_wpcf7_locale\" value=\"en_US\" \/>\n<input type=\"hidden\" name=\"_wpcf7_unit_tag\" value=\"wpcf7-f3297-o1\" \/>\n<input type=\"hidden\" name=\"_wpcf7_container_post\" value=\"0\" \/>\n<input type=\"hidden\" name=\"_wpcf7_posted_data_hash\" value=\"\" \/>\n<\/div>\n<p><label> Ihr Vorname \/ Name<br \/>\n    <div class=\"km_cf7-input-container \">\n      <input type=\"text\" name=\"your-name\" value=\"\" size=\"40\" class=\"wpcf7-form-control wpcf7-text wpcf7-validates-as-required km_cf7-input\" id=\"kmcf7-your-nameiCM2E8XV\" aria-required=\"true\" aria-invalid=\"false\" onfocus=\"km_cf7_designer_focus(this)\" onblur=\"km_cf7_designer_blur()\"\/>\n      <label class=\"km_cf7-label\" for=\"kmcf7-your-nameiCM2E8XV\" data-content=\"your name\">\n        <span class=\"km_cf7_label-content\" data-content=\"your name\">your name<\/span>\n      <\/label>\n      \n    <\/div> <\/label><\/p>\n<p><label> Ihre E-Mail-Adresse<br \/>\n    <div class=\"km_cf7-input-container \">\n      <input type=\"email\" name=\"your-email\" value=\"\" size=\"40\" class=\"wpcf7-form-control wpcf7-text wpcf7-email wpcf7-validates-as-required wpcf7-validates-as-email km_cf7-input\" id=\"kmcf7-your-emailvhs5c7rZ\" aria-required=\"true\" aria-invalid=\"false\" onfocus=\"km_cf7_designer_focus(this)\" onblur=\"km_cf7_designer_blur()\"\/>\n      <label class=\"km_cf7-label\" for=\"kmcf7-your-emailvhs5c7rZ\" data-content=\"your email\">\n        <span class=\"km_cf7_label-content\" data-content=\"your email\">your email<\/span>\n      <\/label>\n      \n    <\/div> <\/label><\/p>\n<p><label> Betreff<br \/>\n    <div class=\"km_cf7-input-container \">\n      <input type=\"text\" name=\"your-subject\" value=\"\" size=\"40\" class=\"wpcf7-form-control wpcf7-text km_cf7-input\" id=\"kmcf7-your-subject2OXjpSMG\" aria-invalid=\"false\" onfocus=\"km_cf7_designer_focus(this)\" onblur=\"km_cf7_designer_blur()\"\/>\n      <label class=\"km_cf7-label\" for=\"kmcf7-your-subject2OXjpSMG\" data-content=\"your subject\">\n        <span class=\"km_cf7_label-content\" data-content=\"your subject\">your subject<\/span>\n      <\/label>\n      \n    <\/div> <\/label><\/p>\n<p><label> Ihre Nachricht<br \/>\n    <div class=\"km_cf7-input-container km_cf7-textarea-container\">\n      <textarea name=\"your-message\" cols=\"40\" rows=\"10\" class=\"wpcf7-form-control wpcf7-textarea km_cf7-input km_cf7-textarea\" id=\"kmcf7-your-messagea2xVnJTD\" aria-invalid=\"false\" onfocus=\"km_cf7_designer_focus(this)\" onblur=\"km_cf7_designer_blur()\"><\/textarea>\n      <label class=\"km_cf7-label\" for=\"kmcf7-your-messagea2xVnJTD\" data-content=\"your message\">\n        <span class=\"km_cf7_label-content\" data-content=\"your message\">your message<\/span>\n      <\/label>\n      \n    <\/div> <\/label><\/p>\n<p>Ich bin damit einverstanden, dass ich zur Bearbeitung meiner Kontaktaufnahme von softfactors AG kontaktiert werde. Durch Absenden der von mir eingegebenen Daten willige ich in die Datenverarbeitung ein und best\u00e4tige die Kenntnisnahme der <a href=\"https:\/\/www.iubenda.com\/privacy-policy\/8038840\">Datenschutzerkl\u00e4rung<\/a>.<\/p>\n<div class=\"km_cf7-submit-container\">\n        <div class=\"km_cf7-submit-insider\">\n          <div class=\"km_cf7-submit-btn-txt km_cf7-btn-txt-r\">Senden<\/div>\n          <div class=\"km_cf7-submit-btn-txt km_cf7-btn-txt-h\">Senden<\/div>\n          <div class=\"km_cf7-btn-bg-r\"><\/div><div class=\"km_cf7-btn-bg-h\"><\/div>\n          <input type=\"submit\" value=\"Senden\" class=\"wpcf7-form-control wpcf7-submit km_cf7-button\" \/>\n        <\/div>\n      <\/div>\n<div class=\"wpcf7-response-output\" aria-hidden=\"true\"><\/div><\/form><\/div><\/div>[\/vc_column_inner][\/vc_row_inner][\/vc_column][\/vc_row][vc_row type=&#8220;full_width_background&#8220; full_screen_row_position=&#8220;middle&#8220; scene_position=&#8220;center&#8220; text_color=&#8220;dark&#8220; text_align=&#8220;center&#8220; id=&#8220;team&#8220; row_name=&#8220;Team&#8220; overlay_strength=&#8220;0.3&#8243;][vc_column column_padding=&#8220;no-extra-padding&#8220; column_padding_position=&#8220;all&#8220; background_color_opacity=&#8220;1&#8243; background_hover_color_opacity=&#8220;1&#8243; width=&#8220;1\/1&#8243; tablet_text_alignment=&#8220;default&#8220; phone_text_alignment=&#8220;default&#8220;][vc_row_inner text_align=&#8220;left&#8220;][vc_column_inner column_padding=&#8220;no-extra-padding&#8220; column_padding_position=&#8220;all&#8220; background_color_opacity=&#8220;1&#8243; width=&#8220;1\/1&#8243;][nectar_gradient_text heading_tag=&#8220;h1&#8243; color=&#8220;extra-color-gradient-2&#8243; gradient_direction=&#8220;horizontal&#8220; text=&#8220;Team&#8220;][vc_column_text max_width=&#8220;600&#8243;]Als Softwareanbieter ist unser oberstes Credo noch immer der Mensch. Wir stellen in einer technologiegetriebenen Gesellschaft die wahren Werte und F\u00e4higkeiten jedes Einzelnen in den Mittelpunkt.[\/vc_column_text][\/vc_column_inner][\/vc_row_inner][divider line_type=&#8220;No Line&#8220;]<div class=\"kswr-slickslider-container\" style=\"margin-top:0px;margin-bottom:0px; --dots-size:22px; --dots-area-margintop:15px; --dots-margins:10px; --dots-clr:#999; --dots-active-clr:#00aef0; --arrow-size:40px; --arrow-bgsize:35px; --arrow-clr:#5da303; --arrow-back-clr:; --arrow-radius:0px; --slides-margin:10px;\"  data-speed=\"300\" data-infinite=\"true\" data-autoplay=\"true\" data-autoplayspeed=\"2000\" data-adaptiveheight=\"true\" data-centermode=\"false\" data-centerpadding=\"50px\" data-centerpaddingtablet=\"25px\" data-centerpaddingmobile=\"15px\" data-slidestoshow-desk=\"4\" data-slidestoshow-tablet=\"2\" data-slidestoshow-mobile=\"1\" data-dots=\"false\" data-arrows=\"true\" data-tabletbreakpoint=\"995\" data-phonebreakpoint=\"550\" data-dots-align=\"center\" data-dots-style=\"style1\" data-arrows-style=\"style4\" data-arrows-position=\"middletwo\" data-vertical=\"false\"data-slidestoscroll-desk=\"1\" data-slidesToScroll-tablet=\"1\" data-slidestoscroll-mobile=\"1\" ><div class=\"km-teammate-container\" data-style=\"style3\" data-align=\"center\">\n\t\t\t<div class=\"km-teammate-img\">\n\t\t\t\t<div class=\"km-teammate-img-overlay\"><\/div>\n\t\t\t\t<img src=\"https:\/\/www.softfactors.com\/wp-content\/uploads\/2021\/03\/michael-v1.png\">\n\t\t\t<\/div>\t\n\t\t\t<div class=\"km-teammate-info\">\t\n\t\t\t\t<div class=\"km-teammate-np\">\n\t\t\t\t\t<div class=\"km-teammate-name kswr-shortcode-element\" data-fontsettings=\"font-size:20px;letter-spacing:0pt;--phone-font-size:18px;\" style=\"color:#5da303;font-size:20px;letter-spacing:0pt;--phone-font-size:18px; font-family:Default;font-weight:700;\">Michael Reiss<\/div>\t\n\t\t\t\t\t<div class=\"km-teammate-position kswr-shortcode-element\" data-fontsettings=\"font-size:16px;letter-spacing:-0.3pt;\" style=\"color:#888; font-size:16px;letter-spacing:-0.3pt; font-family:Default;font-weight:inherit;font-style:normal;\">Candidate Recruiting Expert<\/div>\t\t\t\t\t\n\t\t\t\t<\/div><div class=\"km-teammate-content\"><\/div><div class=\"km-teammate-soc\" style=\"color:#666;\"><a href=\"mailto:michael.reiss@softfactors.com\"><i class=\"km-icon-envelop\"><\/i><\/a><a href=\"https:\/\/www.linkedin.com\/in\/michael-reiss-b8ab09127\/\"><i class=\"km-icon-linkedin2\"><\/i><\/a><\/div><\/div><\/div><div class=\"km-teammate-container\" data-style=\"style3\" data-align=\"center\">\n\t\t\t<div class=\"km-teammate-img\">\n\t\t\t\t<div class=\"km-teammate-img-overlay\"><\/div>\n\t\t\t\t<img src=\"https:\/\/www.softfactors.com\/wp-content\/uploads\/2021\/05\/frank-miska-v1.png\">\n\t\t\t<\/div>\t\n\t\t\t<div class=\"km-teammate-info\">\t\n\t\t\t\t<div class=\"km-teammate-np\">\n\t\t\t\t\t<div class=\"km-teammate-name kswr-shortcode-element\" data-fontsettings=\"font-size:20px;letter-spacing:0pt;--phone-font-size:18px;\" style=\"color:#5da303;font-size:20px;letter-spacing:0pt;--phone-font-size:18px; font-family:Default;font-weight:700;\">Frank Miska<\/div>\t\n\t\t\t\t\t<div class=\"km-teammate-position kswr-shortcode-element\" data-fontsettings=\"font-size:16px;letter-spacing:-0.3pt;\" style=\"color:#888; font-size:16px;letter-spacing:-0.3pt; font-family:Default;font-weight:inherit;font-style:normal;\">Sales Representative<\/div>\t\t\t\t\t\n\t\t\t\t<\/div><div class=\"km-teammate-content\"><\/div><div class=\"km-teammate-soc\" style=\"color:#666;\"><a href=\"mailto:frank.miska@softfactors.com\"><i class=\"km-icon-envelop\"><\/i><\/a><a href=\"https:\/\/www.linkedin.com\/in\/frank-miska-7761a03\/\"><i class=\"km-icon-linkedin2\"><\/i><\/a><\/div><\/div><\/div><div class=\"km-teammate-container\" data-style=\"style3\" data-align=\"center\">\n\t\t\t<div class=\"km-teammate-img\">\n\t\t\t\t<div class=\"km-teammate-img-overlay\"><\/div>\n\t\t\t\t<img src=\"https:\/\/www.softfactors.com\/wp-content\/uploads\/2021\/05\/tim-marschall-v1.png\">\n\t\t\t<\/div>\t\n\t\t\t<div class=\"km-teammate-info\">\t\n\t\t\t\t<div class=\"km-teammate-np\">\n\t\t\t\t\t<div class=\"km-teammate-name kswr-shortcode-element\" data-fontsettings=\"font-size:20px;letter-spacing:0pt;--phone-font-size:18px;\" style=\"color:#5da303;font-size:20px;letter-spacing:0pt;--phone-font-size:18px; font-family:Default;font-weight:700;\">Tim Marschall<\/div>\t\n\t\t\t\t\t<div class=\"km-teammate-position kswr-shortcode-element\" data-fontsettings=\"font-size:16px;letter-spacing:-0.3pt;\" style=\"color:#888; font-size:16px;letter-spacing:-0.3pt; font-family:Default;font-weight:inherit;font-style:normal;\">Sales Representative<\/div>\t\t\t\t\t\n\t\t\t\t<\/div><div class=\"km-teammate-content\"><\/div><div class=\"km-teammate-soc\" style=\"color:#666;\"><a href=\"mailto:tim.marschall@softfactors.com\"><i class=\"km-icon-envelop\"><\/i><\/a><a href=\"https:\/\/www.linkedin.com\/in\/tim-marschall-6945865\/\"><i class=\"km-icon-linkedin2\"><\/i><\/a><\/div><\/div><\/div><\/div>[\/vc_column][\/vc_row][vc_row type=&#8220;full_width_content&#8220; full_screen_row_position=&#8220;middle&#8220; equal_height=&#8220;yes&#8220; content_placement=&#8220;middle&#8220; scene_position=&#8220;center&#8220; text_color=&#8220;dark&#8220; text_align=&#8220;left&#8220; overlay_strength=&#8220;0.3&#8243;][vc_column column_padding=&#8220;no-extra-padding&#8220; column_padding_position=&#8220;all&#8220; background_color_opacity=&#8220;1&#8243; background_hover_color_opacity=&#8220;1&#8243; width=&#8220;1\/1&#8243; tablet_text_alignment=&#8220;default&#8220; phone_text_alignment=&#8220;default&#8220;][vc_column_text]<div class=\"agm-canvas\" id=\"agm-canvas\" style=\"margin: 0 auto; width:100%; height:700px;\"><\/div>[\/vc_column_text][\/vc_column][\/vc_row]\n","protected":false},"excerpt":{"rendered":"<p>[vc_row type=&#8220;full_width_background&#8220; full_screen_row_position=&#8220;middle&#8220; column_margin=&#8220;default&#8220; column_direction=&#8220;default&#8220; column_direction_tablet=&#8220;default&#8220; column_direction_phone=&#8220;default&#8220; scene_position=&#8220;center&#8220; text_color=&#8220;dark&#8220; text_align=&#8220;center&#8220; row_border_radius=&#8220;none&#8220; row_border_radius_applies=&#8220;bg&#8220; id=&#8220;kontakt&#8220; row_name=&#8220;Kontakt&#8220; overlay_strength=&#8220;0.3&#8243; gradient_direction=&#8220;left_to_right&#8220; shape_divider_position=&#8220;bottom&#8220; bg_image_animation=&#8220;none&#8220;][vc_column column_padding=&#8220;no-extra-padding&#8220; column_padding_tablet=&#8220;inherit&#8220; column_padding_phone=&#8220;inherit&#8220; column_padding_position=&#8220;all&#8220; column_element_spacing=&#8220;default&#8220; background_color_opacity=&#8220;1&#8243; background_hover_color_opacity=&#8220;1&#8243; column_shadow=&#8220;none&#8220; column_border_radius=&#8220;none&#8220; column_link_target=&#8220;_self&#8220; gradient_direction=&#8220;left_to_right&#8220; overlay_strength=&#8220;0.3&#8243;&#8230;<\/p>\n","protected":false},"author":6,"featured_media":0,"parent":0,"menu_order":0,"comment_status":"closed","ping_status":"open","template":"","meta":[],"_links":{"self":[{"href":"https:\/\/www.softfactors.com\/de\/wp-json\/wp\/v2\/pages\/407"}],"collection":[{"href":"https:\/\/www.softfactors.com\/de\/wp-json\/wp\/v2\/pages"}],"about":[{"href":"https:\/\/www.softfactors.com\/de\/wp-json\/wp\/v2\/types\/page"}],"author":[{"embeddable":true,"href":"https:\/\/www.softfactors.com\/de\/wp-json\/wp\/v2\/users\/6"}],"replies":[{"embeddable":true,"href":"https:\/\/www.softfactors.com\/de\/wp-json\/wp\/v2\/comments?post=407"}],"version-history":[{"count":220,"href":"https:\/\/www.softfactors.com\/de\/wp-json\/wp\/v2\/pages\/407\/revisions"}],"predecessor-version":[{"id":22289,"href":"https:\/\/www.softfactors.com\/de\/wp-json\/wp\/v2\/pages\/407\/revisions\/22289"}],"wp:attachment":[{"href":"https:\/\/www.softfactors.com\/de\/wp-json\/wp\/v2\/media?parent=407"}],"curies":[{"name":"wp","href":"https:\/\/api.w.org\/{rel}","templated":true}]}}